{"id":12,"date":"2019-10-28T12:55:17","date_gmt":"2019-10-28T12:55:17","guid":{"rendered":"http:\/\/www.biuro-wojtowicz.pl\/?page_id=12"},"modified":"2019-10-29T07:43:57","modified_gmt":"2019-10-29T07:43:57","slug":"strona-glowna","status":"publish","type":"page","link":"https:\/\/www.biuro-wojtowicz.pl\/","title":{"rendered":"DLACZEGO W\u0141A\u015aNIE NASZE BIURO?"},"content":{"rendered":"<p><img loading=\"lazy\" decoding=\"async\" class=\"alignnone size-medium wp-image-64\" src=\"https:\/\/www.biuro-wojtowicz.pl\/wp-content\/uploads\/2019\/10\/aw_logo_internet-300x101.png\" alt=\"\" width=\"300\" height=\"101\" srcset=\"https:\/\/www.biuro-wojtowicz.pl\/wp-content\/uploads\/2019\/10\/aw_logo_internet-300x101.png 300w, https:\/\/www.biuro-wojtowicz.pl\/wp-content\/uploads\/2019\/10\/aw_logo_internet-768x258.png 768w, https:\/\/www.biuro-wojtowicz.pl\/wp-content\/uploads\/2019\/10\/aw_logo_internet-1024x344.png 1024w\" sizes=\"auto, (max-width: 300px) 100vw, 300px\" \/><\/p>\n<p><b>PROFESJONALIZM<\/b>\u00a0&#8211; nasze us\u0142ugi wykonujemy z najwy\u017csz\u0105 staranno\u015bci\u0105 bazuj\u0105c na naszym wieloletnim do\u015bwiadczeniu.<\/p>\n<p><b>SZYBKO\u015a\u0106\u00a0<\/b>&#8211; obs\u0142uga ksi\u0119gowa Twojej firmy b\u0119dzie szybka i na czas \u2013 mo\u017cesz przesta\u0107 martwi\u0107 si\u0119 o terminy.<\/p>\n<p><b>OSZCZ\u0118DNO\u015a\u0106<\/b>\u00a0&#8211; z pozoru ta\u0144sze rozwi\u0105zania dla Twojej firmy w d\u0142u\u017cszej perspektywie (przy okazji kontroli) mog\u0105 okaza\u0107 si\u0119 du\u017co dro\u017csze od naszych us\u0142ug.<\/p>\n\n\n<p><\/p>\n","protected":false},"excerpt":{"rendered":"<p>PROFESJONALIZM\u00a0&#8211; nasze us\u0142ugi wykonujemy z najwy\u017csz\u0105 staranno\u015bci\u0105 bazuj\u0105c na naszym wieloletnim do\u015bwiadczeniu. SZYBKO\u015a\u0106\u00a0&#8211; obs\u0142uga ksi\u0119gowa Twojej firmy b\u0119dzie szybka i na czas \u2013 mo\u017cesz przesta\u0107 martwi\u0107 si\u0119 o terminy. OSZCZ\u0118DNO\u015a\u0106\u00a0&#8211; z pozoru ta\u0144sze rozwi\u0105zania dla Twojej firmy w d\u0142u\u017cszej perspektywie (przy okazji kontroli) mog\u0105 okaza\u0107 si\u0119 du\u017co dro\u017csze od naszych us\u0142ug.<\/p>\n","protected":false},"author":1,"featured_media":0,"parent":0,"menu_order":0,"comment_status":"closed","ping_status":"closed","template":"","meta":{"footnotes":""},"class_list":["post-12","page","type-page","status-publish","hentry"],"_links":{"self":[{"href":"https:\/\/www.biuro-wojtowicz.pl\/index.php?rest_route=\/wp\/v2\/pages\/12","targetHints":{"allow":["GET"]}}],"collection":[{"href":"https:\/\/www.biuro-wojtowicz.pl\/index.php?rest_route=\/wp\/v2\/pages"}],"about":[{"href":"https:\/\/www.biuro-wojtowicz.pl\/index.php?rest_route=\/wp\/v2\/types\/page"}],"author":[{"embeddable":true,"href":"https:\/\/www.biuro-wojtowicz.pl\/index.php?rest_route=\/wp\/v2\/users\/1"}],"replies":[{"embeddable":true,"href":"https:\/\/www.biuro-wojtowicz.pl\/index.php?rest_route=%2Fwp%2Fv2%2Fcomments&post=12"}],"version-history":[{"count":5,"href":"https:\/\/www.biuro-wojtowicz.pl\/index.php?rest_route=\/wp\/v2\/pages\/12\/revisions"}],"predecessor-version":[{"id":76,"href":"https:\/\/www.biuro-wojtowicz.pl\/index.php?rest_route=\/wp\/v2\/pages\/12\/revisions\/76"}],"wp:attachment":[{"href":"https:\/\/www.biuro-wojtowicz.pl\/index.php?rest_route=%2Fwp%2Fv2%2Fmedia&parent=12"}],"curies":[{"name":"wp","href":"https:\/\/api.w.org\/{rel}","templated":true}]}}